{"id":516,"date":"2025-10-01T14:33:40","date_gmt":"2025-10-01T12:33:40","guid":{"rendered":"https:\/\/vskatzelsdorf.ac.at\/wordpress\/?page_id=516"},"modified":"2025-12-01T19:12:25","modified_gmt":"2025-12-01T18:12:25","slug":"schule-gemeinsam-aktiv-gestalten","status":"publish","type":"page","link":"https:\/\/vskatzelsdorf.ac.at\/wordpress\/schule-gemeinsam-aktiv-gestalten\/","title":{"rendered":"Schule gemeinsam aktiv gestalten"},"content":{"rendered":"\n<p>Am Dienstag, den 30. September 2025, fand unsere Jahreshauptversammlung statt. Dabei wurde der Vorstand f\u00fcr das kommende Schuljahr neu gew\u00e4hlt:<\/p>\n\n\n\n<figure class=\"wp-block-gallery has-nested-images columns-default is-cropped wp-block-gallery-1 is-layout-flex wp-block-gallery-is-layout-flex\"><\/figure>\n\n\n<div class=\"wp-block-image\">\n<figure class=\"aligncenter size-full\"><img loading=\"lazy\" decoding=\"async\" width=\"308\" height=\"410\" src=\"https:\/\/vskatzelsdorf.ac.at\/wordpress\/wp-content\/uploads\/2025\/12\/Elternverein-neu-1.jpg\" alt=\"\" class=\"wp-image-799\" srcset=\"https:\/\/vskatzelsdorf.ac.at\/wordpress\/wp-content\/uploads\/2025\/12\/Elternverein-neu-1.jpg 308w, https:\/\/vskatzelsdorf.ac.at\/wordpress\/wp-content\/uploads\/2025\/12\/Elternverein-neu-1-225x300.jpg 225w\" sizes=\"auto, (max-width: 308px) 100vw, 308px\" \/><\/figure>\n<\/div>\n\n\n<p>Wir verstehen uns als Bindeglied zwischen Kindern, Eltern sowie P\u00e4dagoginnen und P\u00e4dagogen \u2013 und m\u00f6chten den Schulalltag unserer Kinder aktiv mitgestalten und bereichern.<\/p>\n\n\n\n<p>Der Elternverein unterst\u00fctzt auf vielf\u00e4ltige Weise: durch finanzielle Zusch\u00fcsse, aktive Mithilfe oder eigene Organisation von Projekten und Veranstaltungen. Alle Eltern sind herzlich eingeladen, sich einzubringen \u2013 sei es mit Ideen, Zeit oder auch Beitr\u00e4gen f\u00fcr Buffets bei Schulfesten.<\/p>\n\n\n\n<p>Unsere Arbeit ist ehrenamtlich. Alle Einnahmen aus Veranstaltungen und Mitgliedsbeitr\u00e4gen kommen direkt den Sch\u00fclerinnen und Sch\u00fclern der Volksschule zugute.<\/p>\n\n\n\n<p><\/p>\n\n\n\n<p><strong>Kontakt:<\/strong> vskatzelsdorf@elternverein.at<\/p>\n\n\n\n<p class=\"has-text-align-center\"><strong>Aktivit\u00e4ten<\/strong><\/p>\n\n\n\n<figure class=\"wp-block-gallery has-nested-images columns-default is-cropped wp-block-gallery-2 is-layout-flex wp-block-gallery-is-layout-flex\">\n<figure class=\"wp-block-image size-large\"><img loading=\"lazy\" decoding=\"async\" width=\"600\" height=\"600\" data-id=\"797\" src=\"https:\/\/vskatzelsdorf.ac.at\/wordpress\/wp-content\/uploads\/2025\/12\/K800_EV-1.jpg\" alt=\"\" class=\"wp-image-797\" srcset=\"https:\/\/vskatzelsdorf.ac.at\/wordpress\/wp-content\/uploads\/2025\/12\/K800_EV-1.jpg 600w, https:\/\/vskatzelsdorf.ac.at\/wordpress\/wp-content\/uploads\/2025\/12\/K800_EV-1-300x300.jpg 300w, https:\/\/vskatzelsdorf.ac.at\/wordpress\/wp-content\/uploads\/2025\/12\/K800_EV-1-150x150.jpg 150w\" sizes=\"auto, (max-width: 600px) 100vw, 600px\" \/><\/figure>\n\n\n\n<figure class=\"wp-block-image size-large\"><img loading=\"lazy\" decoding=\"async\" width=\"600\" height=\"600\" data-id=\"798\" src=\"https:\/\/vskatzelsdorf.ac.at\/wordpress\/wp-content\/uploads\/2025\/12\/K800_Elternverein-2.jpg\" alt=\"\" class=\"wp-image-798\" srcset=\"https:\/\/vskatzelsdorf.ac.at\/wordpress\/wp-content\/uploads\/2025\/12\/K800_Elternverein-2.jpg 600w, https:\/\/vskatzelsdorf.ac.at\/wordpress\/wp-content\/uploads\/2025\/12\/K800_Elternverein-2-300x300.jpg 300w, https:\/\/vskatzelsdorf.ac.at\/wordpress\/wp-content\/uploads\/2025\/12\/K800_Elternverein-2-150x150.jpg 150w\" sizes=\"auto, (max-width: 600px) 100vw, 600px\" \/><\/figure>\n<\/figure>\n\n\n\n<p><\/p>\n","protected":false},"excerpt":{"rendered":"<p>Am Dienstag, den 30. September 2025, fand unsere Jahreshauptversammlung statt. Dabei wurde der Vorstand f\u00fcr das kommende Schuljahr neu gew\u00e4hlt: Wir verstehen uns als Bindeglied zwischen Kindern, Eltern sowie P\u00e4dagoginnen &hellip; <a href=\"https:\/\/vskatzelsdorf.ac.at\/wordpress\/schule-gemeinsam-aktiv-gestalten\/\" class=\"more-link\">Continue reading <span class=\"screen-reader-text\">Schule gemeinsam aktiv gestalten<\/span> <span class=\"meta-nav\">&rarr;<\/span><\/a><\/p>\n","protected":false},"author":2,"featured_media":0,"parent":0,"menu_order":0,"comment_status":"closed","ping_status":"closed","template":"","meta":{"footnotes":""},"class_list":["post-516","page","type-page","status-publish","hentry"],"jetpack_sharing_enabled":true,"_links":{"self":[{"href":"https:\/\/vskatzelsdorf.ac.at\/wordpress\/wp-json\/wp\/v2\/pages\/516","targetHints":{"allow":["GET"]}}],"collection":[{"href":"https:\/\/vskatzelsdorf.ac.at\/wordpress\/wp-json\/wp\/v2\/pages"}],"about":[{"href":"https:\/\/vskatzelsdorf.ac.at\/wordpress\/wp-json\/wp\/v2\/types\/page"}],"author":[{"embeddable":true,"href":"https:\/\/vskatzelsdorf.ac.at\/wordpress\/wp-json\/wp\/v2\/users\/2"}],"replies":[{"embeddable":true,"href":"https:\/\/vskatzelsdorf.ac.at\/wordpress\/wp-json\/wp\/v2\/comments?post=516"}],"version-history":[{"count":9,"href":"https:\/\/vskatzelsdorf.ac.at\/wordpress\/wp-json\/wp\/v2\/pages\/516\/revisions"}],"predecessor-version":[{"id":801,"href":"https:\/\/vskatzelsdorf.ac.at\/wordpress\/wp-json\/wp\/v2\/pages\/516\/revisions\/801"}],"wp:attachment":[{"href":"https:\/\/vskatzelsdorf.ac.at\/wordpress\/wp-json\/wp\/v2\/media?parent=516"}],"curies":[{"name":"wp","href":"https:\/\/api.w.org\/{rel}","templated":true}]}}