{"id":400,"date":"2025-09-05T19:15:29","date_gmt":"2025-09-05T17:15:29","guid":{"rendered":"https:\/\/vskatzelsdorf.ac.at\/wordpress\/?page_id=400"},"modified":"2025-12-02T11:30:17","modified_gmt":"2025-12-02T10:30:17","slug":"wir-sind-h2noe-wasserschule","status":"publish","type":"page","link":"https:\/\/vskatzelsdorf.ac.at\/wordpress\/wir-sind-h2noe-wasserschule\/","title":{"rendered":"Wir sind &#8222;H2NOE&#8220;- Wasserschule"},"content":{"rendered":"\n<p>In unserer Schule wird darauf geachtet, dass die Sch\u00fclerinnen und Sch\u00fcler ausreichend Wasser trinken. Das f\u00f6rdert die Leistungsf\u00e4higkeit und ist ein wichtiger Beitrag zum Schutz vor Karies und \u00dcbergewicht. Die Schultasche bleibt leicht, weil jedes Kind eine eigene Trinkflasche bekommt.<\/p>\n\n\n\n<div data-wp-interactive=\"core\/file\" class=\"wp-block-file\"><object data-wp-bind--hidden=\"!state.hasPdfPreview\" hidden class=\"wp-block-file__embed\" data=\"https:\/\/vskatzelsdorf.ac.at\/wordpress\/wp-content\/uploads\/2025\/12\/Urkunde-Wasserschule.pdf\" type=\"application\/pdf\" style=\"width:100%;height:600px\" aria-label=\"Einbettung von Urkunde Wasserschule.\"><\/object><a id=\"wp-block-file--media-3ee2d279-979a-405f-b128-de227d5767d5\" href=\"https:\/\/vskatzelsdorf.ac.at\/wordpress\/wp-content\/uploads\/2025\/12\/Urkunde-Wasserschule.pdf\">Urkunde Wasserschule<\/a><a href=\"https:\/\/vskatzelsdorf.ac.at\/wordpress\/wp-content\/uploads\/2025\/12\/Urkunde-Wasserschule.pdf\" class=\"wp-block-file__button wp-element-button\" download aria-describedby=\"wp-block-file--media-3ee2d279-979a-405f-b128-de227d5767d5\">Herunterladen<\/a><\/div>\n","protected":false},"excerpt":{"rendered":"<p>In unserer Schule wird darauf geachtet, dass die Sch\u00fclerinnen und Sch\u00fcler ausreichend Wasser trinken. Das f\u00f6rdert die Leistungsf\u00e4higkeit und ist ein wichtiger Beitrag zum Schutz vor Karies und \u00dcbergewicht. Die &hellip; <a href=\"https:\/\/vskatzelsdorf.ac.at\/wordpress\/wir-sind-h2noe-wasserschule\/\" class=\"more-link\">Continue reading <span class=\"screen-reader-text\">Wir sind &#8222;H2NOE&#8220;- Wasserschule<\/span> <span class=\"meta-nav\">&rarr;<\/span><\/a><\/p>\n","protected":false},"author":2,"featured_media":0,"parent":0,"menu_order":0,"comment_status":"closed","ping_status":"closed","template":"","meta":{"footnotes":""},"class_list":["post-400","page","type-page","status-publish","hentry"],"jetpack_sharing_enabled":true,"_links":{"self":[{"href":"https:\/\/vskatzelsdorf.ac.at\/wordpress\/wp-json\/wp\/v2\/pages\/400","targetHints":{"allow":["GET"]}}],"collection":[{"href":"https:\/\/vskatzelsdorf.ac.at\/wordpress\/wp-json\/wp\/v2\/pages"}],"about":[{"href":"https:\/\/vskatzelsdorf.ac.at\/wordpress\/wp-json\/wp\/v2\/types\/page"}],"author":[{"embeddable":true,"href":"https:\/\/vskatzelsdorf.ac.at\/wordpress\/wp-json\/wp\/v2\/users\/2"}],"replies":[{"embeddable":true,"href":"https:\/\/vskatzelsdorf.ac.at\/wordpress\/wp-json\/wp\/v2\/comments?post=400"}],"version-history":[{"count":4,"href":"https:\/\/vskatzelsdorf.ac.at\/wordpress\/wp-json\/wp\/v2\/pages\/400\/revisions"}],"predecessor-version":[{"id":804,"href":"https:\/\/vskatzelsdorf.ac.at\/wordpress\/wp-json\/wp\/v2\/pages\/400\/revisions\/804"}],"wp:attachment":[{"href":"https:\/\/vskatzelsdorf.ac.at\/wordpress\/wp-json\/wp\/v2\/media?parent=400"}],"curies":[{"name":"wp","href":"https:\/\/api.w.org\/{rel}","templated":true}]}}