{"id":176,"date":"2025-08-04T17:28:10","date_gmt":"2025-08-04T15:28:10","guid":{"rendered":"https:\/\/vskatzelsdorf.ac.at\/wordpress\/?page_id=176"},"modified":"2025-12-03T13:12:13","modified_gmt":"2025-12-03T12:12:13","slug":"3a","status":"publish","type":"page","link":"https:\/\/vskatzelsdorf.ac.at\/wordpress\/3a\/","title":{"rendered":"L\u00f6wenklasse"},"content":{"rendered":"\n<p class=\"has-text-align-center\"><\/p>\n\n\n\n<figure class=\"wp-block-image size-full\"><img loading=\"lazy\" decoding=\"async\" width=\"800\" height=\"600\" src=\"https:\/\/vskatzelsdorf.ac.at\/wordpress\/wp-content\/uploads\/2025\/09\/K800_1.-Schultag-3a.jpg\" alt=\"\" class=\"wp-image-478\" srcset=\"https:\/\/vskatzelsdorf.ac.at\/wordpress\/wp-content\/uploads\/2025\/09\/K800_1.-Schultag-3a.jpg 800w, https:\/\/vskatzelsdorf.ac.at\/wordpress\/wp-content\/uploads\/2025\/09\/K800_1.-Schultag-3a-300x225.jpg 300w, https:\/\/vskatzelsdorf.ac.at\/wordpress\/wp-content\/uploads\/2025\/09\/K800_1.-Schultag-3a-768x576.jpg 768w\" sizes=\"auto, (max-width: 800px) 100vw, 800px\" \/><\/figure>\n\n\n\n<p>Ver\u00f6ffentlicht von Nathan <\/p>\n\n\n\n<figure class=\"wp-block-image size-full\"><img loading=\"lazy\" decoding=\"async\" width=\"800\" height=\"600\" src=\"https:\/\/vskatzelsdorf.ac.at\/wordpress\/wp-content\/uploads\/2025\/12\/K800_VS-1000762-3a-HP.jpg\" alt=\"\" class=\"wp-image-818\" srcset=\"https:\/\/vskatzelsdorf.ac.at\/wordpress\/wp-content\/uploads\/2025\/12\/K800_VS-1000762-3a-HP.jpg 800w, https:\/\/vskatzelsdorf.ac.at\/wordpress\/wp-content\/uploads\/2025\/12\/K800_VS-1000762-3a-HP-300x225.jpg 300w, https:\/\/vskatzelsdorf.ac.at\/wordpress\/wp-content\/uploads\/2025\/12\/K800_VS-1000762-3a-HP-768x576.jpg 768w\" sizes=\"auto, (max-width: 800px) 100vw, 800px\" \/><\/figure>\n\n\n\n<p><strong>Klassenvorstand: <\/strong>Prof. Angelina R\u00fccker<\/p>\n\n\n\n<p>8 M\u00e4dchen und 9 Burschen besuchen die 3a<\/p>\n","protected":false},"excerpt":{"rendered":"<p>Ver\u00f6ffentlicht von Nathan Klassenvorstand: Prof. Angelina R\u00fccker 8 M\u00e4dchen und 9 Burschen besuchen die 3a<\/p>\n","protected":false},"author":2,"featured_media":0,"parent":0,"menu_order":0,"comment_status":"closed","ping_status":"closed","template":"","meta":{"footnotes":""},"class_list":["post-176","page","type-page","status-publish","hentry"],"jetpack_sharing_enabled":true,"_links":{"self":[{"href":"https:\/\/vskatzelsdorf.ac.at\/wordpress\/wp-json\/wp\/v2\/pages\/176","targetHints":{"allow":["GET"]}}],"collection":[{"href":"https:\/\/vskatzelsdorf.ac.at\/wordpress\/wp-json\/wp\/v2\/pages"}],"about":[{"href":"https:\/\/vskatzelsdorf.ac.at\/wordpress\/wp-json\/wp\/v2\/types\/page"}],"author":[{"embeddable":true,"href":"https:\/\/vskatzelsdorf.ac.at\/wordpress\/wp-json\/wp\/v2\/users\/2"}],"replies":[{"embeddable":true,"href":"https:\/\/vskatzelsdorf.ac.at\/wordpress\/wp-json\/wp\/v2\/comments?post=176"}],"version-history":[{"count":5,"href":"https:\/\/vskatzelsdorf.ac.at\/wordpress\/wp-json\/wp\/v2\/pages\/176\/revisions"}],"predecessor-version":[{"id":820,"href":"https:\/\/vskatzelsdorf.ac.at\/wordpress\/wp-json\/wp\/v2\/pages\/176\/revisions\/820"}],"wp:attachment":[{"href":"https:\/\/vskatzelsdorf.ac.at\/wordpress\/wp-json\/wp\/v2\/media?parent=176"}],"curies":[{"name":"wp","href":"https:\/\/api.w.org\/{rel}","templated":true}]}}