{"id":172,"date":"2025-08-04T17:25:58","date_gmt":"2025-08-04T15:25:58","guid":{"rendered":"https:\/\/vskatzelsdorf.ac.at\/wordpress\/?page_id=172"},"modified":"2025-12-03T13:09:50","modified_gmt":"2025-12-03T12:09:50","slug":"2a","status":"publish","type":"page","link":"https:\/\/vskatzelsdorf.ac.at\/wordpress\/2a\/","title":{"rendered":"Unterwasserklasse"},"content":{"rendered":"\n<figure class=\"wp-block-image size-full\"><img loading=\"lazy\" decoding=\"async\" width=\"800\" height=\"600\" src=\"https:\/\/vskatzelsdorf.ac.at\/wordpress\/wp-content\/uploads\/2025\/09\/K800_2-A-Schulstart-verpixelt.jpg\" alt=\"\" class=\"wp-image-471\" srcset=\"https:\/\/vskatzelsdorf.ac.at\/wordpress\/wp-content\/uploads\/2025\/09\/K800_2-A-Schulstart-verpixelt.jpg 800w, https:\/\/vskatzelsdorf.ac.at\/wordpress\/wp-content\/uploads\/2025\/09\/K800_2-A-Schulstart-verpixelt-300x225.jpg 300w, https:\/\/vskatzelsdorf.ac.at\/wordpress\/wp-content\/uploads\/2025\/09\/K800_2-A-Schulstart-verpixelt-768x576.jpg 768w\" sizes=\"auto, (max-width: 800px) 100vw, 800px\" \/><\/figure>\n\n\n\n<p>Ver\u00f6ffentlicht von Matth\u00e4us und Alexandru<\/p>\n\n\n\n<figure class=\"wp-block-image size-full\"><img loading=\"lazy\" decoding=\"async\" width=\"800\" height=\"600\" src=\"https:\/\/vskatzelsdorf.ac.at\/wordpress\/wp-content\/uploads\/2025\/12\/K800_VS-1000007-2a-HP.jpg\" alt=\"\" class=\"wp-image-816\" srcset=\"https:\/\/vskatzelsdorf.ac.at\/wordpress\/wp-content\/uploads\/2025\/12\/K800_VS-1000007-2a-HP.jpg 800w, https:\/\/vskatzelsdorf.ac.at\/wordpress\/wp-content\/uploads\/2025\/12\/K800_VS-1000007-2a-HP-300x225.jpg 300w, https:\/\/vskatzelsdorf.ac.at\/wordpress\/wp-content\/uploads\/2025\/12\/K800_VS-1000007-2a-HP-768x576.jpg 768w\" sizes=\"auto, (max-width: 800px) 100vw, 800px\" \/><\/figure>\n\n\n\n<p><strong>Klassenvorstand: <\/strong>Prof. Johannes Tucek, MA<\/p>\n\n\n\n<p>7 M\u00e4dchen und 13 Burschen besuchen die 2. Klasse<\/p>\n\n\n\n<p><\/p>\n","protected":false},"excerpt":{"rendered":"<p>Ver\u00f6ffentlicht von Matth\u00e4us und Alexandru Klassenvorstand: Prof. Johannes Tucek, MA 7 M\u00e4dchen und 13 Burschen besuchen die 2. Klasse<\/p>\n","protected":false},"author":2,"featured_media":0,"parent":0,"menu_order":0,"comment_status":"closed","ping_status":"closed","template":"","meta":{"footnotes":""},"class_list":["post-172","page","type-page","status-publish","hentry"],"jetpack_sharing_enabled":true,"_links":{"self":[{"href":"https:\/\/vskatzelsdorf.ac.at\/wordpress\/wp-json\/wp\/v2\/pages\/172","targetHints":{"allow":["GET"]}}],"collection":[{"href":"https:\/\/vskatzelsdorf.ac.at\/wordpress\/wp-json\/wp\/v2\/pages"}],"about":[{"href":"https:\/\/vskatzelsdorf.ac.at\/wordpress\/wp-json\/wp\/v2\/types\/page"}],"author":[{"embeddable":true,"href":"https:\/\/vskatzelsdorf.ac.at\/wordpress\/wp-json\/wp\/v2\/users\/2"}],"replies":[{"embeddable":true,"href":"https:\/\/vskatzelsdorf.ac.at\/wordpress\/wp-json\/wp\/v2\/comments?post=172"}],"version-history":[{"count":5,"href":"https:\/\/vskatzelsdorf.ac.at\/wordpress\/wp-json\/wp\/v2\/pages\/172\/revisions"}],"predecessor-version":[{"id":817,"href":"https:\/\/vskatzelsdorf.ac.at\/wordpress\/wp-json\/wp\/v2\/pages\/172\/revisions\/817"}],"wp:attachment":[{"href":"https:\/\/vskatzelsdorf.ac.at\/wordpress\/wp-json\/wp\/v2\/media?parent=172"}],"curies":[{"name":"wp","href":"https:\/\/api.w.org\/{rel}","templated":true}]}}