{"id":170,"date":"2025-08-04T17:24:00","date_gmt":"2025-08-04T15:24:00","guid":{"rendered":"https:\/\/vskatzelsdorf.ac.at\/wordpress\/?page_id=170"},"modified":"2025-12-03T13:07:24","modified_gmt":"2025-12-03T12:07:24","slug":"1a","status":"publish","type":"page","link":"https:\/\/vskatzelsdorf.ac.at\/wordpress\/1a\/","title":{"rendered":"Klasse mit Mimi"},"content":{"rendered":"\n<figure class=\"wp-block-image size-full\"><img loading=\"lazy\" decoding=\"async\" width=\"1067\" height=\"600\" src=\"https:\/\/vskatzelsdorf.ac.at\/wordpress\/wp-content\/uploads\/2025\/10\/K800_bd309c95-3c64-4c51-b3c6-0354cc069fc9.jpg\" alt=\"\" class=\"wp-image-503\" srcset=\"https:\/\/vskatzelsdorf.ac.at\/wordpress\/wp-content\/uploads\/2025\/10\/K800_bd309c95-3c64-4c51-b3c6-0354cc069fc9.jpg 1067w, https:\/\/vskatzelsdorf.ac.at\/wordpress\/wp-content\/uploads\/2025\/10\/K800_bd309c95-3c64-4c51-b3c6-0354cc069fc9-300x169.jpg 300w, https:\/\/vskatzelsdorf.ac.at\/wordpress\/wp-content\/uploads\/2025\/10\/K800_bd309c95-3c64-4c51-b3c6-0354cc069fc9-1024x576.jpg 1024w, https:\/\/vskatzelsdorf.ac.at\/wordpress\/wp-content\/uploads\/2025\/10\/K800_bd309c95-3c64-4c51-b3c6-0354cc069fc9-768x432.jpg 768w\" sizes=\"auto, (max-width: 1067px) 100vw, 1067px\" \/><\/figure>\n\n\n\n<p>Ver\u00f6ffentlicht von Valerie und Anne<\/p>\n\n\n\n<figure class=\"wp-block-image size-full\"><img loading=\"lazy\" decoding=\"async\" width=\"800\" height=\"600\" src=\"https:\/\/vskatzelsdorf.ac.at\/wordpress\/wp-content\/uploads\/2025\/12\/K800_VS-1001400-1a-HP.jpg\" alt=\"\" class=\"wp-image-814\" srcset=\"https:\/\/vskatzelsdorf.ac.at\/wordpress\/wp-content\/uploads\/2025\/12\/K800_VS-1001400-1a-HP.jpg 800w, https:\/\/vskatzelsdorf.ac.at\/wordpress\/wp-content\/uploads\/2025\/12\/K800_VS-1001400-1a-HP-300x225.jpg 300w, https:\/\/vskatzelsdorf.ac.at\/wordpress\/wp-content\/uploads\/2025\/12\/K800_VS-1001400-1a-HP-768x576.jpg 768w\" sizes=\"auto, (max-width: 800px) 100vw, 800px\" \/><\/figure>\n\n\n\n<p><br><strong>Klassenvorstand: <\/strong>VOL Dipl. P\u00e4d. Doris Moser-Zenz<br><br>13 M\u00e4dchen und 11 Buben besuchen diese Klasse  <\/p>\n\n\n\n<p><\/p>\n","protected":false},"excerpt":{"rendered":"<p>Ver\u00f6ffentlicht von Valerie und Anne Klassenvorstand: VOL Dipl. P\u00e4d. Doris Moser-Zenz 13 M\u00e4dchen und 11 Buben besuchen diese Klasse<\/p>\n","protected":false},"author":2,"featured_media":0,"parent":0,"menu_order":0,"comment_status":"closed","ping_status":"closed","template":"","meta":{"footnotes":""},"class_list":["post-170","page","type-page","status-publish","hentry"],"jetpack_sharing_enabled":true,"_links":{"self":[{"href":"https:\/\/vskatzelsdorf.ac.at\/wordpress\/wp-json\/wp\/v2\/pages\/170","targetHints":{"allow":["GET"]}}],"collection":[{"href":"https:\/\/vskatzelsdorf.ac.at\/wordpress\/wp-json\/wp\/v2\/pages"}],"about":[{"href":"https:\/\/vskatzelsdorf.ac.at\/wordpress\/wp-json\/wp\/v2\/types\/page"}],"author":[{"embeddable":true,"href":"https:\/\/vskatzelsdorf.ac.at\/wordpress\/wp-json\/wp\/v2\/users\/2"}],"replies":[{"embeddable":true,"href":"https:\/\/vskatzelsdorf.ac.at\/wordpress\/wp-json\/wp\/v2\/comments?post=170"}],"version-history":[{"count":8,"href":"https:\/\/vskatzelsdorf.ac.at\/wordpress\/wp-json\/wp\/v2\/pages\/170\/revisions"}],"predecessor-version":[{"id":815,"href":"https:\/\/vskatzelsdorf.ac.at\/wordpress\/wp-json\/wp\/v2\/pages\/170\/revisions\/815"}],"wp:attachment":[{"href":"https:\/\/vskatzelsdorf.ac.at\/wordpress\/wp-json\/wp\/v2\/media?parent=170"}],"curies":[{"name":"wp","href":"https:\/\/api.w.org\/{rel}","templated":true}]}}