{"id":165,"date":"2025-08-04T17:13:55","date_gmt":"2025-08-04T15:13:55","guid":{"rendered":"https:\/\/vskatzelsdorf.ac.at\/wordpress\/?page_id=165"},"modified":"2025-08-04T17:13:55","modified_gmt":"2025-08-04T15:13:55","slug":"schwimmunterricht","status":"publish","type":"page","link":"https:\/\/vskatzelsdorf.ac.at\/wordpress\/schwimmunterricht\/","title":{"rendered":"Schwimmunterricht"},"content":{"rendered":"\n<p>Da der Schwimmunterricht ein verpflichtender Bestandteil des Lehrplans im Fach <em>Bewegung und Sport<\/em> ist, sind f\u00fcr die 2. und 3. Klassen insgesamt f\u00fcnf Schwimmtage im Hallenbad Neunkirchen vorgesehen. Im Rahmen dieses Unterrichts haben die Sch\u00fclerinnen und Sch\u00fcler die M\u00f6glichkeit, Schwimmabzeichen zu erwerben.<\/p>\n\n\n\n<p><\/p>\n\n\n\n<figure class=\"wp-block-image\"><a href=\"http:\/\/vswiesmath.ac.at\/wp-content\/uploads\/2023\/04\/csm_RS19591_Frei_ojrk-2018-scr_ca9c6e2371.jpg\"><img decoding=\"async\" src=\"http:\/\/vswiesmath.ac.at\/wp-content\/uploads\/2023\/04\/csm_RS19591_Frei_ojrk-2018-scr_ca9c6e2371.jpg\" alt=\"\" class=\"wp-image-6752\"\/><\/a><\/figure>\n\n\n\n<h3 class=\"wp-block-heading\"><strong>Freischwimmer<\/strong><\/h3>\n\n\n\n<p><strong>ab dem vollendeten 7. Lebensjahr<\/strong><\/p>\n\n\n\n<ul class=\"wp-block-list\">\n<li>15 Minuten Dauerschwimmen in beliebigem Schwimmstil<\/li>\n\n\n\n<li>Sprung aus ca. 1 m H\u00f6he ins Wasser<\/li>\n\n\n\n<li>Kenntnis der 10 Baderegeln<\/li>\n<\/ul>\n\n\n\n<figure class=\"wp-block-image\"><img decoding=\"async\" src=\"https:\/\/www.jugendrotkreuz.at\/fileadmin\/_processed_\/d\/4\/csm_RS19590_Fahrten_ojrk-2018-scr_8de4cf2367.jpg\" alt=\"Schwimmabzeichen Fahrtenschwimmer ab dem vollendeten 9. Lebensjahr\" title=\"\u00a9 \u00d6sterreichisches Jugendrotkreuz (\u00d6JRK) \"\/><\/figure>\n\n\n\n<h3 class=\"wp-block-heading\"><strong>Fahr\u00adten\u00adschwimmer<\/strong><\/h3>\n\n\n\n<p><strong>ab dem voll\u00adendeten 9. Lebens\u00adjahr<\/strong><\/p>\n\n\n\n<ul class=\"wp-block-list\">\n<li>15 Minuten Dauer\u00adschwimmen in belie\u00adbigem Schwimm\u00adstil<\/li>\n\n\n\n<li>10 m Stre\u00adcken\u00adtau\u00adchen<\/li>\n\n\n\n<li>einma\u00adliges Tief\u00adtau\u00adchen (ca. 2 m) und Herauf\u00adholen eines ca. 2,5 kg schweren Gegen\u00adstandes<\/li>\n\n\n\n<li>50 m R\u00fccken\u00adschwimmen ohne Armt\u00e4\u00adtig\u00adkeit<\/li>\n\n\n\n<li>Kopf\u00adsprung aus ca. 1 m H\u00f6he oder belie\u00adbiger Sprung aus 3 m H\u00f6he<\/li>\n\n\n\n<li>Kenntnis der 10 Bade\u00adre\u00adgeln<\/li>\n<\/ul>\n","protected":false},"excerpt":{"rendered":"<p>Da der Schwimmunterricht ein verpflichtender Bestandteil des Lehrplans im Fach Bewegung und Sport ist, sind f\u00fcr die 2. und 3. Klassen insgesamt f\u00fcnf Schwimmtage im Hallenbad Neunkirchen vorgesehen. Im Rahmen &hellip; <a href=\"https:\/\/vskatzelsdorf.ac.at\/wordpress\/schwimmunterricht\/\" class=\"more-link\">Continue reading <span class=\"screen-reader-text\">Schwimmunterricht<\/span> <span class=\"meta-nav\">&rarr;<\/span><\/a><\/p>\n","protected":false},"author":2,"featured_media":0,"parent":0,"menu_order":0,"comment_status":"closed","ping_status":"closed","template":"","meta":{"footnotes":""},"class_list":["post-165","page","type-page","status-publish","hentry"],"jetpack_sharing_enabled":true,"_links":{"self":[{"href":"https:\/\/vskatzelsdorf.ac.at\/wordpress\/wp-json\/wp\/v2\/pages\/165","targetHints":{"allow":["GET"]}}],"collection":[{"href":"https:\/\/vskatzelsdorf.ac.at\/wordpress\/wp-json\/wp\/v2\/pages"}],"about":[{"href":"https:\/\/vskatzelsdorf.ac.at\/wordpress\/wp-json\/wp\/v2\/types\/page"}],"author":[{"embeddable":true,"href":"https:\/\/vskatzelsdorf.ac.at\/wordpress\/wp-json\/wp\/v2\/users\/2"}],"replies":[{"embeddable":true,"href":"https:\/\/vskatzelsdorf.ac.at\/wordpress\/wp-json\/wp\/v2\/comments?post=165"}],"version-history":[{"count":1,"href":"https:\/\/vskatzelsdorf.ac.at\/wordpress\/wp-json\/wp\/v2\/pages\/165\/revisions"}],"predecessor-version":[{"id":166,"href":"https:\/\/vskatzelsdorf.ac.at\/wordpress\/wp-json\/wp\/v2\/pages\/165\/revisions\/166"}],"wp:attachment":[{"href":"https:\/\/vskatzelsdorf.ac.at\/wordpress\/wp-json\/wp\/v2\/media?parent=165"}],"curies":[{"name":"wp","href":"https:\/\/api.w.org\/{rel}","templated":true}]}}